{"id":652,"date":"2024-10-02T15:42:15","date_gmt":"2024-10-02T14:42:15","guid":{"rendered":"https:\/\/www.lonehalkjaer.dk\/?page_id=652"},"modified":"2025-10-13T13:09:39","modified_gmt":"2025-10-13T12:09:39","slug":"forfatterpodcast","status":"publish","type":"page","link":"https:\/\/www.lonehalkjaer.dk\/?page_id=652","title":{"rendered":"Forfatterpodcast"},"content":{"rendered":"\n<h2 class=\"wp-block-heading has-text-align-center\">Forfatterpodcast &#8211;  Lyt, l\u00e6s &amp; skriv!<\/h2>\n\n\n<div class=\"wp-block-image is-style-default\">\n<figure class=\"aligncenter size-large is-resized\"><img loading=\"lazy\" decoding=\"async\" width=\"819\" height=\"1024\" src=\"http:\/\/www.lonehalkjaer.dk\/wp-content\/uploads\/2025\/10\/Episode-9-med-ZR-819x1024.jpg\" alt=\"\" class=\"wp-image-728\" style=\"width:455px;height:auto\" srcset=\"https:\/\/www.lonehalkjaer.dk\/wp-content\/uploads\/2025\/10\/Episode-9-med-ZR-819x1024.jpg 819w, https:\/\/www.lonehalkjaer.dk\/wp-content\/uploads\/2025\/10\/Episode-9-med-ZR-240x300.jpg 240w, https:\/\/www.lonehalkjaer.dk\/wp-content\/uploads\/2025\/10\/Episode-9-med-ZR-120x150.jpg 120w, https:\/\/www.lonehalkjaer.dk\/wp-content\/uploads\/2025\/10\/Episode-9-med-ZR-768x960.jpg 768w, https:\/\/www.lonehalkjaer.dk\/wp-content\/uploads\/2025\/10\/Episode-9-med-ZR-48x60.jpg 48w, https:\/\/www.lonehalkjaer.dk\/wp-content\/uploads\/2025\/10\/Episode-9-med-ZR-480x600.jpg 480w, https:\/\/www.lonehalkjaer.dk\/wp-content\/uploads\/2025\/10\/Episode-9-med-ZR.jpg 1080w\" sizes=\"auto, (max-width: 819px) 100vw, 819px\" \/><\/figure>\n<\/div>\n\n\n<p class=\"has-text-align-center\">Sammen med <a href=\"https:\/\/frobbiestories.com\/\" data-type=\"link\" data-id=\"https:\/\/frobbiestories.com\/\">Charlotte Frobenius<\/a> laver jeg podcasten Forfatterpod &#8211; Lyt, l\u00e6s &amp; skriv! &#8211; hvor vi taler om gl\u00e6der og udfordringer ved at skrive b\u00f8ger for b\u00f8rn og unge.<\/p>\n\n\n\n<p class=\"has-text-align-center\"><a href=\"https:\/\/www.instagram.com\/forfatterpod\/\">https:\/\/www.instagram.com\/forfatterpod\/<\/a><\/p>\n\n\n\n<p>Du kan h\u00f8re os p\u00e5:<\/p>\n\n\n\n<p style=\"vertical-align: middle;\">\n<img loading=\"lazy\" decoding=\"async\" width=\"40\" height=\"40\" class=\"wp-image-666\" style=\"width: 40px;\" src=\"\/wp-content\/uploads\/2024\/10\/spotify.png\" alt=\"\" srcset=\"https:\/\/www.lonehalkjaer.dk\/wp-content\/uploads\/2024\/10\/spotify.png 224w, https:\/\/www.lonehalkjaer.dk\/wp-content\/uploads\/2024\/10\/spotify-150x150.png 150w, https:\/\/www.lonehalkjaer.dk\/wp-content\/uploads\/2024\/10\/spotify-60x60.png 60w\" sizes=\"auto, (max-width: 40px) 100vw, 40px\" \/> <a href=\"https:\/\/open.spotify.com\/show\/0iPj9KilwOm2BRRlO1qPoG?si=e979164af3454678\">Spotify<\/a><\/br><\/br>\n<img decoding=\"async\" class=\"wp-image-666\" style=\"width: 40px;\" src=\"\/wp-content\/uploads\/2024\/10\/apple-podcast.png\" alt=\"\"> <a href=\"https:\/\/podcasts.apple.com\/dk\/podcast\/forfatterpod-lyt-l%C3%A6s-og-skriv\/id1750666849\">Apple Podcasts<\/a><\/br><\/br>\n<img decoding=\"async\" class=\"wp-image-666\" style=\"width: 40px;\" src=\"\/wp-content\/uploads\/2024\/10\/youtube_logo.png\" alt=\"\"> <a href=\"https:\/\/www.youtube.com\/playlist?list=PLBqgGk5Wo-fpGLba2X2Mlb-suVw3NLBB4\">Youtube<\/a><\/br><\/br>\n<img decoding=\"async\" class=\"wp-image-666\" style=\"width: 40px;\" src=\"\/wp-content\/uploads\/2024\/10\/podbean-app.png\" alt=\"\"> <a href=\"https:\/\/forfatterpod.podbean.com\/\">PodBean<\/a><\/br><\/br>\n<img decoding=\"async\" class=\"wp-image-666\" style=\"width: 40px;\" src=\"\/wp-content\/uploads\/2024\/10\/AmazonMusic.png\" alt=\"\"> <a href=\"https:\/\/music.amazon.com\/podcasts\/0044757a-e8ae-4bf4-b2dd-584c54159d64\/forfatterpod-lyt-l%C3%A6s-og-skriv\">Amazon music<\/a><\/br><\/br>\n\n<\/p>\n\n\n\n<p>Eller du kan bruge denne RSS url i din favorit podcast app: <a href=\"https:\/\/feed.podbean.com\/forfatterpod\/feed.xml\">https:\/\/feed.podbean.com\/forfatterpod\/feed.xml<\/a><\/p>\n","protected":false},"excerpt":{"rendered":"<p>Forfatterpodcast &#8211; Lyt, l\u00e6s &amp; skriv! Sammen med Charlotte Frobenius laver jeg podcasten Forfatterpod &#8211; Lyt, l\u00e6s &amp; skriv! &#8211; hvor vi taler om gl\u00e6der og udfordringer ved at skrive &hellip; <\/p>\n","protected":false},"author":2,"featured_media":0,"parent":0,"menu_order":0,"comment_status":"closed","ping_status":"closed","template":"","meta":{"footnotes":""},"class_list":["post-652","page","type-page","status-publish","hentry","latest_post"],"_links":{"self":[{"href":"https:\/\/www.lonehalkjaer.dk\/index.php?rest_route=\/wp\/v2\/pages\/652","targetHints":{"allow":["GET"]}}],"collection":[{"href":"https:\/\/www.lonehalkjaer.dk\/index.php?rest_route=\/wp\/v2\/pages"}],"about":[{"href":"https:\/\/www.lonehalkjaer.dk\/index.php?rest_route=\/wp\/v2\/types\/page"}],"author":[{"embeddable":true,"href":"https:\/\/www.lonehalkjaer.dk\/index.php?rest_route=\/wp\/v2\/users\/2"}],"replies":[{"embeddable":true,"href":"https:\/\/www.lonehalkjaer.dk\/index.php?rest_route=%2Fwp%2Fv2%2Fcomments&post=652"}],"version-history":[{"count":17,"href":"https:\/\/www.lonehalkjaer.dk\/index.php?rest_route=\/wp\/v2\/pages\/652\/revisions"}],"predecessor-version":[{"id":730,"href":"https:\/\/www.lonehalkjaer.dk\/index.php?rest_route=\/wp\/v2\/pages\/652\/revisions\/730"}],"wp:attachment":[{"href":"https:\/\/www.lonehalkjaer.dk\/index.php?rest_route=%2Fwp%2Fv2%2Fmedia&parent=652"}],"curies":[{"name":"wp","href":"https:\/\/api.w.org\/{rel}","templated":true}]}}