{"id":6,"date":"2021-11-16T18:08:57","date_gmt":"2021-11-16T18:08:57","guid":{"rendered":"http:\/\/www.lonehalkjaer.dk\/?page_id=6"},"modified":"2025-12-03T12:40:39","modified_gmt":"2025-12-03T11:40:39","slug":"about","status":"publish","type":"page","link":"https:\/\/www.lonehalkjaer.dk\/?page_id=6","title":{"rendered":"Lone Halkj\u00e6r"},"content":{"rendered":"\n<div class=\"wp-block-media-text alignwide is-stacked-on-mobile\" style=\"grid-template-columns:15% auto\"><figure class=\"wp-block-media-text__media\"><img loading=\"lazy\" decoding=\"async\" width=\"768\" height=\"1024\" src=\"http:\/\/www.lonehalkjaer.dk\/wp-content\/uploads\/2021\/11\/Portraet_foto-768x1024.jpg\" alt=\"\" class=\"wp-image-114 size-full\" srcset=\"https:\/\/www.lonehalkjaer.dk\/wp-content\/uploads\/2021\/11\/Portraet_foto-768x1024.jpg 768w, https:\/\/www.lonehalkjaer.dk\/wp-content\/uploads\/2021\/11\/Portraet_foto-225x300.jpg 225w, https:\/\/www.lonehalkjaer.dk\/wp-content\/uploads\/2021\/11\/Portraet_foto-1152x1536.jpg 1152w, https:\/\/www.lonehalkjaer.dk\/wp-content\/uploads\/2021\/11\/Portraet_foto-1536x2048.jpg 1536w, https:\/\/www.lonehalkjaer.dk\/wp-content\/uploads\/2021\/11\/Portraet_foto-45x60.jpg 45w, https:\/\/www.lonehalkjaer.dk\/wp-content\/uploads\/2021\/11\/Portraet_foto-scaled.jpg 1920w\" sizes=\"auto, (max-width: 768px) 100vw, 768px\" \/><\/figure><div class=\"wp-block-media-text__content\">\n<p style=\"font-size:18px\"><br><strong>Om mig<\/strong><br><br>Jeg hedder <strong>Lone Halkj\u00e6r<\/strong>, og jeg skriver b\u00f8ger til b\u00f8rn og unge \u2013 is\u00e6r serier fyldt med sp\u00e6nding, eventyr og mysterier. Siden min debut i 2019 har jeg f\u00e5et udgivet <strong>over 50 b\u00f8ger<\/strong>, og jeg elsker stadig at skabe fort\u00e6llinger, der kan gribe l\u00e6serne, pirre nysgerrigheden og holde siderne i gang med et godt drive.<br><br>Oprindeligt er jeg uddannet datalog fra Aalborg Universitet og har arbejdet med udvikling af IT-systemer i mere end 15 \u00e5r. Men hovedet var altid fuldt af historier, der bankede p\u00e5 og kr\u00e6vede at blive lukket ud. I 2018 tog jeg springet og begyndte at skrive p\u00e5 fuld tid \u2013 og jeg har ikke fortrudt et sekund.<br>Jeg debuterede med gyserserien <em>Hjems\u00f8gt<\/em>, og siden er det blevet til en lang r\u00e6kke serier og b\u00f8ger for b\u00e5de letl\u00e6sere og mellemtrin. Blandt andet de popul\u00e6re Minecraft-serier:<br><br>\ud83e\udddf\u200d\u2642\ufe0f <strong>Zombiekamp i Minecraft<\/strong> \u2013 hvor bind 4 udkom i 2025<br>\u2694\ufe0f <strong>Eventyr i Minecraft<\/strong> \u2013 skrevet sammen med Helle Perrier. Bind 9-12 udkommer i starten af 2026<br><br>Jeg skriver ogs\u00e5 ungdoms- og mellemtrinsromaner med mysterier og f\u00f8lelser som omdrejningspunkt. Senest den nye serie <strong>Mysteriet om arven<\/strong>, hvor <strong>bind 1 <em>De f\u00f8rste g\u00e5der<\/em><\/strong> netop er udkommet \u2013 en serie jeg gl\u00e6der mig enormt til at dele med jer.<br><br>Her p\u00e5 siden kan du se mine udgivelser. <br><br>Det betyder meget for mig at skrive historier, der b\u00e5de underholder og s\u00e6tter tanker i gang \u2013 og jeg er dybt taknemmelig for hver eneste l\u00e6ser, der f\u00f8lger med p\u00e5 rejsen.<br><br>Jeg bor i Jylland, er gift og mor til tre b\u00f8rn \u2013 og deler huset med fire katte, der mener, de ejer tastaturet \u2764\ufe0f<\/p>\n<\/div><\/div>\n\n\n\n<p><\/p>\n","protected":false},"excerpt":{"rendered":"<p>Om mig Jeg hedder Lone Halkj\u00e6r, og jeg skriver b\u00f8ger til b\u00f8rn og unge \u2013 is\u00e6r serier fyldt med sp\u00e6nding, eventyr og mysterier. Siden min debut i 2019 har jeg &hellip; <\/p>\n","protected":false},"author":1,"featured_media":0,"parent":0,"menu_order":0,"comment_status":"closed","ping_status":"closed","template":"","meta":{"footnotes":""},"class_list":["post-6","page","type-page","status-publish","hentry","latest_post"],"_links":{"self":[{"href":"https:\/\/www.lonehalkjaer.dk\/index.php?rest_route=\/wp\/v2\/pages\/6","targetHints":{"allow":["GET"]}}],"collection":[{"href":"https:\/\/www.lonehalkjaer.dk\/index.php?rest_route=\/wp\/v2\/pages"}],"about":[{"href":"https:\/\/www.lonehalkjaer.dk\/index.php?rest_route=\/wp\/v2\/types\/page"}],"author":[{"embeddable":true,"href":"https:\/\/www.lonehalkjaer.dk\/index.php?rest_route=\/wp\/v2\/users\/1"}],"replies":[{"embeddable":true,"href":"https:\/\/www.lonehalkjaer.dk\/index.php?rest_route=%2Fwp%2Fv2%2Fcomments&post=6"}],"version-history":[{"count":13,"href":"https:\/\/www.lonehalkjaer.dk\/index.php?rest_route=\/wp\/v2\/pages\/6\/revisions"}],"predecessor-version":[{"id":762,"href":"https:\/\/www.lonehalkjaer.dk\/index.php?rest_route=\/wp\/v2\/pages\/6\/revisions\/762"}],"wp:attachment":[{"href":"https:\/\/www.lonehalkjaer.dk\/index.php?rest_route=%2Fwp%2Fv2%2Fmedia&parent=6"}],"curies":[{"name":"wp","href":"https:\/\/api.w.org\/{rel}","templated":true}]}}