{"id":10,"date":"2021-11-16T18:08:57","date_gmt":"2021-11-16T18:08:57","guid":{"rendered":"http:\/\/www.lonehalkjaer.dk\/?page_id=10"},"modified":"2025-12-08T12:45:16","modified_gmt":"2025-12-08T11:45:16","slug":"presse","status":"publish","type":"page","link":"https:\/\/www.lonehalkjaer.dk\/?page_id=10","title":{"rendered":"Mysteriet om arven"},"content":{"rendered":"\n<div class=\"wp-block-group is-nowrap is-layout-flex wp-container-core-group-is-layout-ad2f72ca wp-block-group-is-layout-flex\">\n<p><em>Mysteriet om arven<\/em> er en sp\u00e6ndingsfyldt serie for l\u00e6sere fra 10 \u00e5r og opefter, udgivet hos <strong>Tellerup<\/strong>. Serien best\u00e5r af tre b\u00f8ger p\u00e5 cirka 200 sider hver, og den kombinerer mysterier, venskab og g\u00e5defulde spor fra fortiden.<\/p>\n<\/div>\n\n\n\n<figure class=\"wp-block-image size-full\"><img loading=\"lazy\" decoding=\"async\" width=\"574\" height=\"927\" src=\"http:\/\/www.lonehalkjaer.dk\/wp-content\/uploads\/2025\/12\/Mysteriet-om-arven-1-1.jpg\" alt=\"\" class=\"wp-image-764\" srcset=\"https:\/\/www.lonehalkjaer.dk\/wp-content\/uploads\/2025\/12\/Mysteriet-om-arven-1-1.jpg 574w, https:\/\/www.lonehalkjaer.dk\/wp-content\/uploads\/2025\/12\/Mysteriet-om-arven-1-1-186x300.jpg 186w, https:\/\/www.lonehalkjaer.dk\/wp-content\/uploads\/2025\/12\/Mysteriet-om-arven-1-1-93x150.jpg 93w, https:\/\/www.lonehalkjaer.dk\/wp-content\/uploads\/2025\/12\/Mysteriet-om-arven-1-1-37x60.jpg 37w\" sizes=\"auto, (max-width: 574px) 100vw, 574px\" \/><\/figure>\n\n\n\n<div class=\"wp-block-group is-nowrap is-layout-flex wp-container-core-group-is-layout-ad2f72ca wp-block-group-is-layout-flex\">\n<p>Serien f\u00f8lger veninderne <strong>Leonora, Esther og Alicia<\/strong>, som g\u00e5r i klasse sammen. Snart skal de i gang med en emneuge og har valgt at skrive om den afd\u00f8de erhvervskvinde <strong>Kirsten L\u00f8venfeldt<\/strong>. Men samtidig rammes Leonora af en personlig krise: Hendes fars firma g\u00e5r konkurs, og familien mister alt. Pludselig st\u00e5r de uden et hjem.<\/p>\n<\/div>\n\n\n\n<p>Under deres research opdager pigerne, at Kirsten L\u00f8venfeldt levede et us\u00e6dvanligt tilbagetrukket liv, og der findes n\u00e6sten ingen oplysninger om hende online. For at finde svar kontakter Leonora <strong>Leonora L\u00f8venfeldt Fonden<\/strong>, men i stedet for blot at f\u00e5 t\u00f8rre fakta bliver hun kaldt til m\u00f8de med fondens advokat.<\/p>\n\n\n\n<p>Her f\u00e5r hun et uventet tilbud: Familien kan flytte ind i <strong>Kirsten L\u00f8venfeldts herreg\u00e5rd<\/strong>. Leonoras mor er skeptisk, men uden andre muligheder m\u00e5 de takke ja.<\/p>\n\n\n\n<p>Kort efter indflytningen bliver det klart, at huset gemmer p\u00e5 mere end bare historie. M\u00e6rkelige spor dukker op, og snart er Leonora og hendes veninder viklet ind i en r\u00e6kke g\u00e5der. Men hvem har efterladt sporene \u2013 og hvad vil de afsl\u00f8re?<\/p>\n\n\n\n<p><em>Mysteriet om arven<\/em> er en serie om <strong>venskab, hemmeligheder og mystiske spor fra fortiden<\/strong> \u2013 perfekt for l\u00e6sere, der elsker g\u00e5der, sp\u00e6nding og sm\u00e5 mysterier, der venter p\u00e5 at blive l\u00f8st.<\/p>\n\n\n\n<p><\/p>\n\n\n\n<p><strong>Hellen Lassen<\/strong><br>Hellen Lassen er billedkunstner og min moster og hun har sneget sig med som \u00e9t \u201crigtigt\u201d menneske i <em>Mysteriet om arven<\/em>. <\/p>\n\n\n\n<p>Hellen arbejder med maleri, skulptur, installation og deler sin kunst og inspiration p\u00e5 sociale medier.<\/p>\n\n\n\n<p>Hvis du vil se mere af Hellen Lassen og hendes v\u00e6rker, kan du bes\u00f8ge:<\/p>\n\n\n\n<ul class=\"wp-block-list\">\n<li><a href=\"https:\/\/www.facebook.com\/hellen.lassen\/?locale=da_DK\" target=\"_blank\" rel=\"noreferrer noopener\">Facebook<\/a><\/li>\n\n\n\n<li><a href=\"https:\/\/www.instagram.com\/hellenlassen\/\" target=\"_blank\" rel=\"noreferrer noopener\">Instagram<\/a><\/li>\n\n\n\n<li><a href=\"http:\/\/www.hellenlassen.dk\/\" target=\"_blank\" rel=\"noreferrer noopener\">Hellen Lassen<\/a><\/li>\n<\/ul>\n\n\n\n<p><\/p>\n","protected":false},"excerpt":{"rendered":"<p>Mysteriet om arven er en sp\u00e6ndingsfyldt serie for l\u00e6sere fra 10 \u00e5r og opefter, udgivet hos Tellerup. Serien best\u00e5r af tre b\u00f8ger p\u00e5 cirka 200 sider hver, og den kombinerer &hellip; <\/p>\n","protected":false},"author":1,"featured_media":0,"parent":0,"menu_order":0,"comment_status":"closed","ping_status":"closed","template":"","meta":{"footnotes":""},"class_list":["post-10","page","type-page","status-publish","hentry","latest_post"],"_links":{"self":[{"href":"https:\/\/www.lonehalkjaer.dk\/index.php?rest_route=\/wp\/v2\/pages\/10","targetHints":{"allow":["GET"]}}],"collection":[{"href":"https:\/\/www.lonehalkjaer.dk\/index.php?rest_route=\/wp\/v2\/pages"}],"about":[{"href":"https:\/\/www.lonehalkjaer.dk\/index.php?rest_route=\/wp\/v2\/types\/page"}],"author":[{"embeddable":true,"href":"https:\/\/www.lonehalkjaer.dk\/index.php?rest_route=\/wp\/v2\/users\/1"}],"replies":[{"embeddable":true,"href":"https:\/\/www.lonehalkjaer.dk\/index.php?rest_route=%2Fwp%2Fv2%2Fcomments&post=10"}],"version-history":[{"count":13,"href":"https:\/\/www.lonehalkjaer.dk\/index.php?rest_route=\/wp\/v2\/pages\/10\/revisions"}],"predecessor-version":[{"id":770,"href":"https:\/\/www.lonehalkjaer.dk\/index.php?rest_route=\/wp\/v2\/pages\/10\/revisions\/770"}],"wp:attachment":[{"href":"https:\/\/www.lonehalkjaer.dk\/index.php?rest_route=%2Fwp%2Fv2%2Fmedia&parent=10"}],"curies":[{"name":"wp","href":"https:\/\/api.w.org\/{rel}","templated":true}]}}