{"id":82,"date":"2021-11-24T16:53:20","date_gmt":"2021-11-24T15:53:20","guid":{"rendered":"http:\/\/www.lonehalkjaer.dk\/?page_id=82"},"modified":"2025-02-27T10:38:08","modified_gmt":"2025-02-27T09:38:08","slug":"foredrag-og-skrivekurser","status":"publish","type":"page","link":"http:\/\/www.lonehalkjaer.dk\/?page_id=82","title":{"rendered":"Foredrag"},"content":{"rendered":"\n<p>Jeg tager desv\u00e6rre ikke ud og holder foredrag for tiden, da jeg har valgt at fokusere p\u00e5 at skrive nye b\u00f8ger.<\/p>\n\n\n\n<p class=\"has-medium-font-size\"><\/p>\n\n\n\n<p><\/p>\n","protected":false},"excerpt":{"rendered":"<p>Jeg tager desv\u00e6rre ikke ud og holder foredrag for tiden, da jeg har valgt at fokusere p\u00e5 at skrive nye b\u00f8ger.<\/p>\n","protected":false},"author":2,"featured_media":0,"parent":0,"menu_order":0,"comment_status":"closed","ping_status":"closed","template":"","meta":{"footnotes":""},"class_list":["post-82","page","type-page","status-publish","hentry","latest_post"],"_links":{"self":[{"href":"http:\/\/www.lonehalkjaer.dk\/index.php?rest_route=\/wp\/v2\/pages\/82","targetHints":{"allow":["GET"]}}],"collection":[{"href":"http:\/\/www.lonehalkjaer.dk\/index.php?rest_route=\/wp\/v2\/pages"}],"about":[{"href":"http:\/\/www.lonehalkjaer.dk\/index.php?rest_route=\/wp\/v2\/types\/page"}],"author":[{"embeddable":true,"href":"http:\/\/www.lonehalkjaer.dk\/index.php?rest_route=\/wp\/v2\/users\/2"}],"replies":[{"embeddable":true,"href":"http:\/\/www.lonehalkjaer.dk\/index.php?rest_route=%2Fwp%2Fv2%2Fcomments&post=82"}],"version-history":[{"count":17,"href":"http:\/\/www.lonehalkjaer.dk\/index.php?rest_route=\/wp\/v2\/pages\/82\/revisions"}],"predecessor-version":[{"id":708,"href":"http:\/\/www.lonehalkjaer.dk\/index.php?rest_route=\/wp\/v2\/pages\/82\/revisions\/708"}],"wp:attachment":[{"href":"http:\/\/www.lonehalkjaer.dk\/index.php?rest_route=%2Fwp%2Fv2%2Fmedia&parent=82"}],"curies":[{"name":"wp","href":"https:\/\/api.w.org\/{rel}","templated":true}]}}