{"id":52,"date":"2021-11-24T14:12:29","date_gmt":"2021-11-24T13:12:29","guid":{"rendered":"http:\/\/www.lonehalkjaer.dk\/?page_id=52"},"modified":"2025-11-11T16:26:52","modified_gmt":"2025-11-11T15:26:52","slug":"kontakt","status":"publish","type":"page","link":"http:\/\/www.lonehalkjaer.dk\/?page_id=52","title":{"rendered":"Kontakt"},"content":{"rendered":"\n<p><\/p>\n\n\n\n<h3 class=\"wp-block-heading\"><\/h3>\n\n\n\n<h3 class=\"wp-block-heading\">Interviews<\/h3>\n\n\n\n<p>Du er velkommen til at sende en mail, hvis du er interesseret i at interviewe mig, s\u00e5 kan vi lave en aftale.<\/p>\n\n\n\n<h3 class=\"wp-block-heading\">Manuskriptl\u00e6sning<\/h3>\n\n\n\n<p>Jeg l\u00e6ser ikke andres b\u00f8ger mod betaling, da jeg pt. fokuserer p\u00e5 mine egne skriveprojekter, men der er mange andre forfattere, der tilbyder den service.<\/p>\n\n\n\n<h3 class=\"wp-block-heading\">Ris, ros og feedback<\/h3>\n\n\n\n<p>Du er ALTID velkommen til at sende en mail med ros og feedback p\u00e5 mine b\u00f8ger. Det vil jeg v\u00e6re meget glad for! Du m\u00e5 ogs\u00e5 gerne skrive, hvis der er en af mine b\u00f8ger du gerne vil have en forts\u00e6ttelse til.<\/p>\n\n\n<div class=\"wpforms-container wpforms-container-full wpforms-block wpforms-block-d8ea2929-cc93-4909-962e-d4bdf4c472e8\" id=\"wpforms-140\"><form id=\"wpforms-form-140\" class=\"wpforms-validate wpforms-form wpforms-ajax-form\" data-formid=\"140\" method=\"post\" enctype=\"multipart\/form-data\" action=\"\/index.php?rest_route=%2Fwp%2Fv2%2Fpages%2F52\" data-token=\"c918ed3ab02e3370ca7185c464f4220a\" data-token-time=\"1777523573\"><div class=\"wpforms-head-container\"><\/div><noscript class=\"wpforms-error-noscript\">Please enable JavaScript in your browser to complete this form.<\/noscript><div class=\"wpforms-field-container\"><div id=\"wpforms-140-field_0-container\" class=\"wpforms-field wpforms-field-name\" data-field-id=\"0\"><label class=\"wpforms-field-label\" for=\"wpforms-140-field_0\">Navn <span class=\"wpforms-required-label\">*<\/span><\/label><input type=\"text\" id=\"wpforms-140-field_0\" class=\"wpforms-field-medium wpforms-field-required\" name=\"wpforms[fields][0]\" required><\/div><div id=\"wpforms-140-field_1-container\" class=\"wpforms-field wpforms-field-email\" data-field-id=\"1\"><label class=\"wpforms-field-label\" for=\"wpforms-140-field_1\">Email <span class=\"wpforms-required-label\">*<\/span><\/label><input type=\"email\" id=\"wpforms-140-field_1\" class=\"wpforms-field-medium wpforms-field-required\" name=\"wpforms[fields][1]\" spellcheck=\"false\" required><\/div><div id=\"wpforms-140-field_2-container\" class=\"wpforms-field wpforms-field-textarea\" data-field-id=\"2\"><label class=\"wpforms-field-label\" for=\"wpforms-140-field_2\">Besked <span class=\"wpforms-required-label\">*<\/span><\/label><textarea id=\"wpforms-140-field_2\" class=\"wpforms-field-medium wpforms-field-required\" name=\"wpforms[fields][2]\" required><\/textarea><\/div><\/div><!-- .wpforms-field-container --><div class=\"wpforms-recaptcha-container wpforms-is-recaptcha wpforms-is-recaptcha-type-v2\" ><div class=\"g-recaptcha\" data-sitekey=\"6Lc2VjMpAAAAADkaQLeeFRgAlM0yBJOe3wDyDymG\"><\/div><input type=\"text\" name=\"g-recaptcha-hidden\" class=\"wpforms-recaptcha-hidden\" style=\"position:absolute!important;clip:rect(0,0,0,0)!important;height:1px!important;width:1px!important;border:0!important;overflow:hidden!important;padding:0!important;margin:0!important;\" data-rule-recaptcha=\"1\"><\/div><div class=\"wpforms-submit-container\" ><input type=\"hidden\" name=\"wpforms[id]\" value=\"140\"><input type=\"hidden\" name=\"page_title\" value=\"\"><input type=\"hidden\" name=\"page_url\" value=\"http:\/\/www.lonehalkjaer.dk\/index.php?rest_route=\/wp\/v2\/pages\/52\"><input type=\"hidden\" name=\"url_referer\" value=\"\"><button type=\"submit\" name=\"wpforms[submit]\" id=\"wpforms-submit-140\" class=\"wpforms-submit\" data-alt-text=\"Sender...\" data-submit-text=\"Send\" aria-live=\"assertive\" value=\"wpforms-submit\">Send<\/button><img loading=\"lazy\" decoding=\"async\" src=\"http:\/\/www.lonehalkjaer.dk\/wp-content\/plugins\/wpforms-lite\/assets\/images\/submit-spin.svg\" class=\"wpforms-submit-spinner\" style=\"display: none;\" width=\"26\" height=\"26\" alt=\"Loading\"><\/div><\/form><\/div>  <!-- .wpforms-container -->","protected":false},"excerpt":{"rendered":"<p>Interviews Du er velkommen til at sende en mail, hvis du er interesseret i at interviewe mig, s\u00e5 kan vi lave en aftale. Manuskriptl\u00e6sning Jeg l\u00e6ser ikke andres b\u00f8ger mod &hellip; <\/p>\n","protected":false},"author":2,"featured_media":0,"parent":0,"menu_order":0,"comment_status":"closed","ping_status":"closed","template":"","meta":{"footnotes":""},"class_list":["post-52","page","type-page","status-publish","hentry","latest_post"],"_links":{"self":[{"href":"http:\/\/www.lonehalkjaer.dk\/index.php?rest_route=\/wp\/v2\/pages\/52","targetHints":{"allow":["GET"]}}],"collection":[{"href":"http:\/\/www.lonehalkjaer.dk\/index.php?rest_route=\/wp\/v2\/pages"}],"about":[{"href":"http:\/\/www.lonehalkjaer.dk\/index.php?rest_route=\/wp\/v2\/types\/page"}],"author":[{"embeddable":true,"href":"http:\/\/www.lonehalkjaer.dk\/index.php?rest_route=\/wp\/v2\/users\/2"}],"replies":[{"embeddable":true,"href":"http:\/\/www.lonehalkjaer.dk\/index.php?rest_route=%2Fwp%2Fv2%2Fcomments&post=52"}],"version-history":[{"count":10,"href":"http:\/\/www.lonehalkjaer.dk\/index.php?rest_route=\/wp\/v2\/pages\/52\/revisions"}],"predecessor-version":[{"id":742,"href":"http:\/\/www.lonehalkjaer.dk\/index.php?rest_route=\/wp\/v2\/pages\/52\/revisions\/742"}],"wp:attachment":[{"href":"http:\/\/www.lonehalkjaer.dk\/index.php?rest_route=%2Fwp%2Fv2%2Fmedia&parent=52"}],"curies":[{"name":"wp","href":"https:\/\/api.w.org\/{rel}","templated":true}]}}